{"id":990771,"date":"2023-11-07T09:56:32","date_gmt":"2023-11-07T09:56:32","guid":{"rendered":"https:\/\/uniparts.web-devtesting.xyz\/unsere-produkte\/turbo-system\/"},"modified":"2023-11-23T14:46:53","modified_gmt":"2023-11-23T14:46:53","slug":"turbo-system","status":"publish","type":"page","link":"https:\/\/german-uni.com\/de\/unsere-produkte\/turbo-system\/","title":{"rendered":"Turbo-System"},"content":{"rendered":"\t\t<div data-elementor-type=\"wp-page\" data-elementor-id=\"990771\" class=\"elementor elementor-990771 elementor-990247\" data-elementor-post-type=\"page\">\n\t\t\t\t\t\t\t\t\t<section class=\"elementor-section elementor-top-section elementor-element elementor-element-4bd91ab6 support_section elementor-section-boxed elementor-section-height-default elementor-section-height-default\" data-id=\"4bd91ab6\" data-element_type=\"section\" data-settings=\"{&quot;background_background&quot;:&quot;classic&quot;}\">\n\t\t\t\t\t\t\t<div class=\"elementor-background-overlay\"><\/div>\n\t\t\t\t\t\t\t<div class=\"elementor-container elementor-column-gap-default\">\n\t\t\t\t\t<div class=\"elementor-column elementor-col-100 elementor-top-column elementor-element elementor-element-fca3be7\" data-id=\"fca3be7\" data-element_type=\"column\">\n\t\t\t<div class=\"elementor-widget-wrap elementor-element-populated\">\n\t\t\t\t\t\t\t\t<div class=\"elementor-element elementor-element-61dce74f elementor-align-center elementor-widget elementor-widget-breadcrumbs\" data-id=\"61dce74f\" data-element_type=\"widget\" data-widget_type=\"breadcrumbs.default\">\n\t\t\t\t<div class=\"elementor-widget-container\">\n\t\t\t<link rel=\"stylesheet\" href=\"https:\/\/german-uni.com\/wp-content\/plugins\/elementor-pro\/assets\/css\/widget-theme-elements.min.css\"><p id=\"breadcrumbs\"><span><span><a href=\"https:\/\/german-uni.com\/de\/\">Startseite<\/a><\/span><\/span><\/p>\t\t<\/div>\n\t\t\t\t<\/div>\n\t\t\t\t<div class=\"elementor-element elementor-element-3c91c58f elementor-widget elementor-widget-heading\" data-id=\"3c91c58f\" data-element_type=\"widget\" data-widget_type=\"heading.default\">\n\t\t\t\t<div class=\"elementor-widget-container\">\n\t\t\t<style>\/*! elementor - v3.17.0 - 08-11-2023 *\/\n.elementor-heading-title{padding:0;margin:0;line-height:1}.elementor-widget-heading .elementor-heading-title[class*=elementor-size-]>a{color:inherit;font-size:inherit;line-height:inherit}.elementor-widget-heading .elementor-heading-title.elementor-size-small{font-size:15px}.elementor-widget-heading .elementor-heading-title.elementor-size-medium{font-size:19px}.elementor-widget-heading .elementor-heading-title.elementor-size-large{font-size:29px}.elementor-widget-heading .elementor-heading-title.elementor-size-xl{font-size:39px}.elementor-widget-heading .elementor-heading-title.elementor-size-xxl{font-size:59px}<\/style><h2 class=\"elementor-heading-title elementor-size-default\">Turbo-System <\/h2>\t\t<\/div>\n\t\t\t\t<\/div>\n\t\t\t\t\t<\/div>\n\t\t<\/div>\n\t\t\t\t\t\t\t<\/div>\n\t\t<\/section>\n\t\t<div class=\"elementor-element elementor-element-2118b397 e-flex e-con-boxed e-con e-parent\" data-id=\"2118b397\" data-element_type=\"container\" data-settings=\"{&quot;content_width&quot;:&quot;boxed&quot;}\" data-core-v316-plus=\"true\">\n\t\t\t\t\t<div class=\"e-con-inner\">\n\t\t<div class=\"elementor-element elementor-element-3ce95740 e-con-full e-flex e-con e-child\" data-id=\"3ce95740\" data-element_type=\"container\" data-settings=\"{&quot;content_width&quot;:&quot;full&quot;}\">\n\t\t\t\t<div class=\"vamtam-has-theme-widget-styles elementor-element elementor-element-76ada46f buttons-uni elementor-align-left elementor-widget elementor-widget-button\" data-id=\"76ada46f\" data-element_type=\"widget\" data-widget_type=\"button.default\">\n\t\t\t\t<div class=\"elementor-widget-container\">\n\t\t\t\t\t<div class=\"elementor-button-wrapper\">\n\t\t\t<a class=\"elementor-button elementor-button-link elementor-size-sm\" href=\"\/de\/unsere-produkte\/\">\n\t\t\t\t\t\t<span class=\"elementor-button-content-wrapper\">\n\t\t\t\t\t\t<span class=\"elementor-button-icon elementor-align-icon-right\">\n\t\t\t\t<svg xmlns=\"http:\/\/www.w3.org\/2000\/svg\" xmlns:xlink=\"http:\/\/www.w3.org\/1999\/xlink\" id=\"Layer_1\" x=\"0px\" y=\"0px\" viewBox=\"0 0 492.004 492.004\" style=\"enable-background:new 0 0 492.004 492.004;\" xml:space=\"preserve\"><g>\t<g>\t\t<path d=\"M484.14,226.886L306.46,49.202c-5.072-5.072-11.832-7.856-19.04-7.856c-7.216,0-13.972,2.788-19.044,7.856l-16.132,16.136   c-5.068,5.064-7.86,11.828-7.86,19.04c0,7.208,2.792,14.2,7.86,19.264L355.9,207.526H26.58C11.732,207.526,0,219.15,0,234.002   v22.812c0,14.852,11.732,27.648,26.58,27.648h330.496L252.248,388.926c-5.068,5.072-7.86,11.652-7.86,18.864   c0,7.204,2.792,13.88,7.86,18.948l16.132,16.084c5.072,5.072,11.828,7.836,19.044,7.836c7.208,0,13.968-2.8,19.04-7.872   l177.68-177.68c5.084-5.088,7.88-11.88,7.86-19.1C492.02,238.762,489.228,231.966,484.14,226.886z\"><\/path>\t<\/g><\/g><g><\/g><g><\/g><g><\/g><g><\/g><g><\/g><g><\/g><g><\/g><g><\/g><g><\/g><g><\/g><g><\/g><g><\/g><g><\/g><g><\/g><g><\/g><\/svg>\t\t\t<\/span>\n\t\t\t\t\t\t<span class=\"elementor-button-text\">ALLE PRODUKTE <\/span>\n\t\t<\/span>\n\t\t\t\t\t<\/a>\n\t\t<\/div>\n\t\t\t\t<\/div>\n\t\t\t\t<\/div>\n\t\t<div class=\"elementor-element elementor-element-563e7c52 e-flex e-con-boxed e-con e-child\" data-id=\"563e7c52\" data-element_type=\"container\" data-settings=\"{&quot;content_width&quot;:&quot;boxed&quot;}\">\n\t\t\t\t\t<div class=\"e-con-inner\">\n\t\t\t\t<div class=\"elementor-element elementor-element-4a612951 elementor-widget elementor-widget-image\" data-id=\"4a612951\" data-element_type=\"widget\" data-widget_type=\"image.default\">\n\t\t\t\t<div class=\"elementor-widget-container\">\n\t\t\t<style>\/*! elementor - v3.17.0 - 08-11-2023 *\/\n.elementor-widget-image{text-align:center}.elementor-widget-image a{display:inline-block}.elementor-widget-image a img[src$=\".svg\"]{width:48px}.elementor-widget-image img{vertical-align:middle;display:inline-block}<\/style>\t\t\t\t\t\t\t\t\t\t\t\t<img loading=\"lazy\" decoding=\"async\" width=\"939\" height=\"1092\" src=\"https:\/\/german-uni.com\/wp-content\/uploads\/2023\/11\/turbo-system.jpg\" class=\"attachment-full size-full wp-image-990257\" alt=\"\" srcset=\"https:\/\/german-uni.com\/wp-content\/uploads\/2023\/11\/turbo-system.jpg 939w, https:\/\/german-uni.com\/wp-content\/uploads\/2023\/11\/turbo-system-258x300.jpg 258w, https:\/\/german-uni.com\/wp-content\/uploads\/2023\/11\/turbo-system-881x1024.jpg 881w, https:\/\/german-uni.com\/wp-content\/uploads\/2023\/11\/turbo-system-768x893.jpg 768w\" sizes=\"auto, (max-width: 939px) 100vw, 939px\" \/>\t\t\t\t\t\t\t\t\t\t\t\t\t\t\t<\/div>\n\t\t\t\t<\/div>\n\t\t\t\t<div class=\"elementor-element elementor-element-3aa49906 elementor-absolute elementor-widget elementor-widget-heading\" data-id=\"3aa49906\" data-element_type=\"widget\" data-settings=\"{&quot;_position&quot;:&quot;absolute&quot;}\" data-widget_type=\"heading.default\">\n\t\t\t\t<div class=\"elementor-widget-container\">\n\t\t\t<h2 class=\"elementor-heading-title elementor-size-default\">Turbo-System <\/h2>\t\t<\/div>\n\t\t\t\t<\/div>\n\t\t\t\t\t<\/div>\n\t\t\t\t<\/div>\n\t\t\t\t<\/div>\n\t\t<div class=\"elementor-element elementor-element-29b2333b e-con-full e-flex e-con e-child\" data-id=\"29b2333b\" data-element_type=\"container\" data-settings=\"{&quot;content_width&quot;:&quot;full&quot;}\">\n\t\t\t\t<div class=\"elementor-element elementor-element-d66b2ed elementor-widget elementor-widget-heading\" data-id=\"d66b2ed\" data-element_type=\"widget\" data-widget_type=\"heading.default\">\n\t\t\t\t<div class=\"elementor-widget-container\">\n\t\t\t<h2 class=\"elementor-heading-title elementor-size-default\">Was ist ein Turbo?<\/h2>\t\t<\/div>\n\t\t\t\t<\/div>\n\t\t\t\t<div class=\"elementor-element elementor-element-3a00b968 elementor-widget elementor-widget-text-editor\" data-id=\"3a00b968\" data-element_type=\"widget\" data-widget_type=\"text-editor.default\">\n\t\t\t\t<div class=\"elementor-widget-container\">\n\t\t\t<style>\/*! elementor - v3.17.0 - 08-11-2023 *\/\n.elementor-widget-text-editor.elementor-drop-cap-view-stacked .elementor-drop-cap{background-color:#69727d;color:#fff}.elementor-widget-text-editor.elementor-drop-cap-view-framed .elementor-drop-cap{color:#69727d;border:3px solid;background-color:transparent}.elementor-widget-text-editor:not(.elementor-drop-cap-view-default) .elementor-drop-cap{margin-top:8px}.elementor-widget-text-editor:not(.elementor-drop-cap-view-default) .elementor-drop-cap-letter{width:1em;height:1em}.elementor-widget-text-editor .elementor-drop-cap{float:left;text-align:center;line-height:1;font-size:50px}.elementor-widget-text-editor .elementor-drop-cap-letter{display:inline-block}<\/style>\t\t\t\tA turbo is a type of fan found in a vehicle\u2019s engine that makes the engine run better and helps it expel exhaust gas. The more fuel that gets into the cylinder, the more torque and power are produced. But only using fuel does not make sense. It is also necessary to add air to burn the fuel.\t\t\t\t\t\t<\/div>\n\t\t\t\t<\/div>\n\t\t<div class=\"elementor-element elementor-element-1914487b e-flex e-con-boxed e-con e-child\" data-id=\"1914487b\" data-element_type=\"container\" data-settings=\"{&quot;content_width&quot;:&quot;boxed&quot;}\">\n\t\t\t\t\t<div class=\"e-con-inner\">\n\t\t<div class=\"elementor-element elementor-element-1c57f6a0 e-con-full e-flex e-con e-child\" data-id=\"1c57f6a0\" data-element_type=\"container\" data-settings=\"{&quot;content_width&quot;:&quot;full&quot;,&quot;background_background&quot;:&quot;classic&quot;}\">\n\t\t\t\t<div class=\"elementor-element elementor-element-12bc6014 elementor-vertical-align-middle elementor-widget__width-inherit icon-box-new elementor-widget elementor-widget-icon-box\" data-id=\"12bc6014\" data-element_type=\"widget\" data-widget_type=\"icon-box.default\">\n\t\t\t\t<div class=\"elementor-widget-container\">\n\t\t\t<link rel=\"stylesheet\" href=\"https:\/\/german-uni.com\/wp-content\/plugins\/elementor\/assets\/css\/widget-icon-box.min.css\">\t\t<div class=\"elementor-icon-box-wrapper\">\n\t\t\t\t\t\t<div class=\"elementor-icon-box-content\">\n\t\t\t\t<h3 class=\"elementor-icon-box-title\">\n\t\t\t\t\t<a href=\"\/contact-us\/\" >\n\t\t\t\t\t\tCHRA-Kernmontage\t\t\t\t\t<\/a>\n\t\t\t\t<\/h3>\n\t\t\t\t\t\t\t<\/div>\n\t\t<\/div>\n\t\t\t\t<\/div>\n\t\t\t\t<\/div>\n\t\t\t\t<\/div>\n\t\t<div class=\"elementor-element elementor-element-749f090b e-con-full e-flex e-con e-child\" data-id=\"749f090b\" data-element_type=\"container\" data-settings=\"{&quot;content_width&quot;:&quot;full&quot;,&quot;background_background&quot;:&quot;classic&quot;}\">\n\t\t\t\t<div class=\"elementor-element elementor-element-68061f0a elementor-vertical-align-middle elementor-widget__width-inherit icon-box-new elementor-widget elementor-widget-icon-box\" data-id=\"68061f0a\" data-element_type=\"widget\" data-widget_type=\"icon-box.default\">\n\t\t\t\t<div class=\"elementor-widget-container\">\n\t\t\t\t\t<div class=\"elementor-icon-box-wrapper\">\n\t\t\t\t\t\t<div class=\"elementor-icon-box-content\">\n\t\t\t\t<h3 class=\"elementor-icon-box-title\">\n\t\t\t\t\t<a href=\"\/contact-us\/\" >\n\t\t\t\t\t\tVakuum des Turboaktuators\t\t\t\t\t<\/a>\n\t\t\t\t<\/h3>\n\t\t\t\t\t\t\t<\/div>\n\t\t<\/div>\n\t\t\t\t<\/div>\n\t\t\t\t<\/div>\n\t\t\t\t<\/div>\n\t\t<div class=\"elementor-element elementor-element-478ad988 e-con-full e-flex e-con e-child\" data-id=\"478ad988\" data-element_type=\"container\" data-settings=\"{&quot;content_width&quot;:&quot;full&quot;,&quot;background_background&quot;:&quot;classic&quot;}\">\n\t\t\t\t<div class=\"elementor-element elementor-element-701d1ff7 elementor-vertical-align-middle elementor-widget__width-inherit icon-box-new elementor-widget elementor-widget-icon-box\" data-id=\"701d1ff7\" data-element_type=\"widget\" data-widget_type=\"icon-box.default\">\n\t\t\t\t<div class=\"elementor-widget-container\">\n\t\t\t\t\t<div class=\"elementor-icon-box-wrapper\">\n\t\t\t\t\t\t<div class=\"elementor-icon-box-content\">\n\t\t\t\t<h3 class=\"elementor-icon-box-title\">\n\t\t\t\t\t<a href=\"\/contact-us\/\" >\n\t\t\t\t\t\tTurbolader\t\t\t\t\t<\/a>\n\t\t\t\t<\/h3>\n\t\t\t\t\t\t\t<\/div>\n\t\t<\/div>\n\t\t\t\t<\/div>\n\t\t\t\t<\/div>\n\t\t\t\t<\/div>\n\t\t<div class=\"elementor-element elementor-element-638b94c4 e-con-full e-flex e-con e-child\" data-id=\"638b94c4\" data-element_type=\"container\" data-settings=\"{&quot;content_width&quot;:&quot;full&quot;,&quot;background_background&quot;:&quot;classic&quot;}\">\n\t\t\t\t<div class=\"elementor-element elementor-element-150cf163 elementor-vertical-align-middle elementor-widget__width-inherit icon-box-new elementor-widget elementor-widget-icon-box\" data-id=\"150cf163\" data-element_type=\"widget\" data-widget_type=\"icon-box.default\">\n\t\t\t\t<div class=\"elementor-widget-container\">\n\t\t\t\t\t<div class=\"elementor-icon-box-wrapper\">\n\t\t\t\t\t\t<div class=\"elementor-icon-box-content\">\n\t\t\t\t<h3 class=\"elementor-icon-box-title\">\n\t\t\t\t\t<a href=\"\/contact-us\/\" >\n\t\t\t\t\t\tWelle und R\u00e4der\t\t\t\t\t<\/a>\n\t\t\t\t<\/h3>\n\t\t\t\t\t\t\t<\/div>\n\t\t<\/div>\n\t\t\t\t<\/div>\n\t\t\t\t<\/div>\n\t\t\t\t<\/div>\n\t\t\t\t\t<\/div>\n\t\t\t\t<\/div>\n\t\t<div class=\"elementor-element elementor-element-f194995 e-con-full e-flex e-con e-child\" data-id=\"f194995\" data-element_type=\"container\" data-settings=\"{&quot;content_width&quot;:&quot;full&quot;}\">\n\t\t\t\t<div class=\"elementor-element elementor-element-6732a6a elementor-widget elementor-widget-heading\" data-id=\"6732a6a\" data-element_type=\"widget\" data-widget_type=\"heading.default\">\n\t\t\t\t<div class=\"elementor-widget-container\">\n\t\t\t<h2 class=\"elementor-heading-title elementor-size-default\">Wie kann man den Fahrzeugturbo vor Sch\u00e4den sch\u00fctzen?<\/h2>\t\t<\/div>\n\t\t\t\t<\/div>\n\t\t\t\t<div class=\"elementor-element elementor-element-8deeec3 elementor-icon-list--layout-traditional elementor-list-item-link-full_width elementor-widget elementor-widget-icon-list\" data-id=\"8deeec3\" data-element_type=\"widget\" data-widget_type=\"icon-list.default\">\n\t\t\t\t<div class=\"elementor-widget-container\">\n\t\t\t<link rel=\"stylesheet\" href=\"https:\/\/german-uni.com\/wp-content\/plugins\/elementor\/assets\/css\/widget-icon-list.min.css\">\t\t<ul class=\"elementor-icon-list-items\">\n\t\t\t\t\t\t\t<li class=\"elementor-icon-list-item\">\n\t\t\t\t\t\t\t\t\t\t\t<span class=\"elementor-icon-list-icon\">\n\t\t\t\t\t\t\t<i aria-hidden=\"true\" class=\"fas fa-check\"><\/i>\t\t\t\t\t\t<\/span>\n\t\t\t\t\t\t\t\t\t\t<span class=\"elementor-icon-list-text\">Beim Anlassen des Fahrzeugs den Motor nicht durch schnelles Gasgeben \u00fcberlasten.<\/span>\n\t\t\t\t\t\t\t\t\t<\/li>\n\t\t\t\t\t\t\t\t<li class=\"elementor-icon-list-item\">\n\t\t\t\t\t\t\t\t\t\t\t<span class=\"elementor-icon-list-icon\">\n\t\t\t\t\t\t\t<i aria-hidden=\"true\" class=\"fas fa-check\"><\/i>\t\t\t\t\t\t<\/span>\n\t\t\t\t\t\t\t\t\t\t<span class=\"elementor-icon-list-text\">Warten Sie 10 bis 20 Sekunden, bis das Motor\u00f6l den Turbo erreicht.<\/span>\n\t\t\t\t\t\t\t\t\t<\/li>\n\t\t\t\t\t\t\t\t<li class=\"elementor-icon-list-item\">\n\t\t\t\t\t\t\t\t\t\t\t<span class=\"elementor-icon-list-icon\">\n\t\t\t\t\t\t\t<i aria-hidden=\"true\" class=\"fas fa-check\"><\/i>\t\t\t\t\t\t<\/span>\n\t\t\t\t\t\t\t\t\t\t<span class=\"elementor-icon-list-text\">Den Motor niemals belasten, bis das Motor\u00f6l vollst\u00e4ndig warm ist.<\/span>\n\t\t\t\t\t\t\t\t\t<\/li>\n\t\t\t\t\t\t\t\t<li class=\"elementor-icon-list-item\">\n\t\t\t\t\t\t\t\t\t\t\t<span class=\"elementor-icon-list-icon\">\n\t\t\t\t\t\t\t<i aria-hidden=\"true\" class=\"fas fa-check\"><\/i>\t\t\t\t\t\t<\/span>\n\t\t\t\t\t\t\t\t\t\t<span class=\"elementor-icon-list-text\">Es wird nicht empfohlen, altes Maschinen\u00f6l l\u00e4ngere Zeit aufzubewahren. F\u00fchren Sie daher eine Reparatur durch und ersetzen Sie die Filter durch das \u00d6l.<\/span>\n\t\t\t\t\t\t\t\t\t<\/li>\n\t\t\t\t\t\t\t\t<li class=\"elementor-icon-list-item\">\n\t\t\t\t\t\t\t\t\t\t\t<span class=\"elementor-icon-list-icon\">\n\t\t\t\t\t\t\t<i aria-hidden=\"true\" class=\"fas fa-check\"><\/i>\t\t\t\t\t\t<\/span>\n\t\t\t\t\t\t\t\t\t\t<span class=\"elementor-icon-list-text\">Ein Turbolader arbeitet st\u00e4rker, wenn er l\u00e4ngere Zeit unter Druck steht.<\/span>\n\t\t\t\t\t\t\t\t\t<\/li>\n\t\t\t\t\t\t<\/ul>\n\t\t\t\t<\/div>\n\t\t\t\t<\/div>\n\t\t\t\t<\/div>\n\t\t\t\t<\/div>\n\t\t\t\t\t<\/div>\n\t\t\t\t<\/div>\n\t\t\t\t\t\t\t<\/div>\n\t\t","protected":false},"excerpt":{"rendered":"<p>Turbo-System ALLE PRODUKTE Turbo-System Was ist ein Turbo? A turbo is a type of fan found in a vehicle\u2019s engine that makes the engine run better and helps it expel exhaust gas. The more fuel that gets into the cylinder, the more torque and power are produced. But only using fuel does not make sense&#8230;.<\/p>\n","protected":false},"author":1,"featured_media":0,"parent":990715,"menu_order":0,"comment_status":"closed","ping_status":"closed","template":"elementor_header_footer","meta":{"inline_featured_image":false,"footnotes":""},"class_list":["post-990771","page","type-page","status-publish","hentry"],"yoast_head":"<!-- This site is optimized with the Yoast SEO plugin v21.5 - https:\/\/yoast.com\/wordpress\/plugins\/seo\/ -->\n<title>Turbo-System - Uni Parts<\/title>\n<meta name=\"robots\" content=\"index, follow, max-snippet:-1, max-image-preview:large, max-video-preview:-1\" \/>\n<link rel=\"canonical\" href=\"https:\/\/german-uni.com\/de\/unsere-produkte\/turbo-system\/\" \/>\n<meta property=\"og:locale\" content=\"de_DE\" \/>\n<meta property=\"og:type\" content=\"article\" \/>\n<meta property=\"og:title\" content=\"Turbo-System - Uni Parts\" \/>\n<meta property=\"og:description\" content=\"Turbo-System ALLE PRODUKTE Turbo-System Was ist ein Turbo? A turbo is a type of fan found in a vehicle\u2019s engine that makes the engine run better and helps it expel exhaust gas. The more fuel that gets into the cylinder, the more torque and power are produced. But only using fuel does not make sense....\" \/>\n<meta property=\"og:url\" content=\"https:\/\/german-uni.com\/de\/unsere-produkte\/turbo-system\/\" \/>\n<meta property=\"og:site_name\" content=\"Uni Parts\" \/>\n<meta property=\"article:modified_time\" content=\"2023-11-23T14:46:53+00:00\" \/>\n<meta property=\"og:image\" content=\"https:\/\/german-uni.com\/wp-content\/uploads\/2023\/11\/turbo-system.jpg\" \/>\n<meta name=\"twitter:card\" content=\"summary_large_image\" \/>\n<meta name=\"twitter:label1\" content=\"Gesch\u00e4tzte Lesezeit\" \/>\n\t<meta name=\"twitter:data1\" content=\"2\u00a0Minuten\" \/>\n<script type=\"application\/ld+json\" class=\"yoast-schema-graph\">{\"@context\":\"https:\/\/schema.org\",\"@graph\":[{\"@type\":\"WebPage\",\"@id\":\"https:\/\/german-uni.com\/de\/unsere-produkte\/turbo-system\/\",\"url\":\"https:\/\/german-uni.com\/de\/unsere-produkte\/turbo-system\/\",\"name\":\"Turbo-System - Uni Parts\",\"isPartOf\":{\"@id\":\"https:\/\/german-uni.com\/de\/#website\"},\"datePublished\":\"2023-11-07T09:56:32+00:00\",\"dateModified\":\"2023-11-23T14:46:53+00:00\",\"breadcrumb\":{\"@id\":\"https:\/\/german-uni.com\/de\/unsere-produkte\/turbo-system\/#breadcrumb\"},\"inLanguage\":\"de\",\"potentialAction\":[{\"@type\":\"ReadAction\",\"target\":[\"https:\/\/german-uni.com\/de\/unsere-produkte\/turbo-system\/\"]}]},{\"@type\":\"BreadcrumbList\",\"@id\":\"https:\/\/german-uni.com\/de\/unsere-produkte\/turbo-system\/#breadcrumb\",\"itemListElement\":[{\"@type\":\"ListItem\",\"position\":1,\"name\":\"Startseite\",\"item\":\"https:\/\/german-uni.com\/de\/\"},{\"@type\":\"ListItem\",\"position\":2,\"name\":\"Unsere Produkte\",\"item\":\"https:\/\/german-uni.com\/de\/our-products\/\"},{\"@type\":\"ListItem\",\"position\":3,\"name\":\"Turbo-System\"}]},{\"@type\":\"WebSite\",\"@id\":\"https:\/\/german-uni.com\/de\/#website\",\"url\":\"https:\/\/german-uni.com\/de\/\",\"name\":\"Uni Parts\",\"description\":\"\",\"publisher\":{\"@id\":\"https:\/\/german-uni.com\/de\/#organization\"},\"potentialAction\":[{\"@type\":\"SearchAction\",\"target\":{\"@type\":\"EntryPoint\",\"urlTemplate\":\"https:\/\/german-uni.com\/de\/?s={search_term_string}\"},\"query-input\":\"required name=search_term_string\"}],\"inLanguage\":\"de\"},{\"@type\":\"Organization\",\"@id\":\"https:\/\/german-uni.com\/de\/#organization\",\"name\":\"Uni Parts\",\"url\":\"https:\/\/german-uni.com\/de\/\",\"logo\":{\"@type\":\"ImageObject\",\"inLanguage\":\"de\",\"@id\":\"https:\/\/german-uni.com\/de\/#\/schema\/logo\/image\/\",\"url\":\"\",\"contentUrl\":\"\",\"caption\":\"Uni Parts\"},\"image\":{\"@id\":\"https:\/\/german-uni.com\/de\/#\/schema\/logo\/image\/\"}}]}<\/script>\n<!-- \/ Yoast SEO plugin. -->","yoast_head_json":{"title":"Turbo-System - Uni Parts","robots":{"index":"index","follow":"follow","max-snippet":"max-snippet:-1","max-image-preview":"max-image-preview:large","max-video-preview":"max-video-preview:-1"},"canonical":"https:\/\/german-uni.com\/de\/unsere-produkte\/turbo-system\/","og_locale":"de_DE","og_type":"article","og_title":"Turbo-System - Uni Parts","og_description":"Turbo-System ALLE PRODUKTE Turbo-System Was ist ein Turbo? A turbo is a type of fan found in a vehicle\u2019s engine that makes the engine run better and helps it expel exhaust gas. The more fuel that gets into the cylinder, the more torque and power are produced. But only using fuel does not make sense....","og_url":"https:\/\/german-uni.com\/de\/unsere-produkte\/turbo-system\/","og_site_name":"Uni Parts","article_modified_time":"2023-11-23T14:46:53+00:00","og_image":[{"url":"https:\/\/german-uni.com\/wp-content\/uploads\/2023\/11\/turbo-system.jpg"}],"twitter_card":"summary_large_image","twitter_misc":{"Gesch\u00e4tzte Lesezeit":"2\u00a0Minuten"},"schema":{"@context":"https:\/\/schema.org","@graph":[{"@type":"WebPage","@id":"https:\/\/german-uni.com\/de\/unsere-produkte\/turbo-system\/","url":"https:\/\/german-uni.com\/de\/unsere-produkte\/turbo-system\/","name":"Turbo-System - Uni Parts","isPartOf":{"@id":"https:\/\/german-uni.com\/de\/#website"},"datePublished":"2023-11-07T09:56:32+00:00","dateModified":"2023-11-23T14:46:53+00:00","breadcrumb":{"@id":"https:\/\/german-uni.com\/de\/unsere-produkte\/turbo-system\/#breadcrumb"},"inLanguage":"de","potentialAction":[{"@type":"ReadAction","target":["https:\/\/german-uni.com\/de\/unsere-produkte\/turbo-system\/"]}]},{"@type":"BreadcrumbList","@id":"https:\/\/german-uni.com\/de\/unsere-produkte\/turbo-system\/#breadcrumb","itemListElement":[{"@type":"ListItem","position":1,"name":"Startseite","item":"https:\/\/german-uni.com\/de\/"},{"@type":"ListItem","position":2,"name":"Unsere Produkte","item":"https:\/\/german-uni.com\/de\/our-products\/"},{"@type":"ListItem","position":3,"name":"Turbo-System"}]},{"@type":"WebSite","@id":"https:\/\/german-uni.com\/de\/#website","url":"https:\/\/german-uni.com\/de\/","name":"Uni Parts","description":"","publisher":{"@id":"https:\/\/german-uni.com\/de\/#organization"},"potentialAction":[{"@type":"SearchAction","target":{"@type":"EntryPoint","urlTemplate":"https:\/\/german-uni.com\/de\/?s={search_term_string}"},"query-input":"required name=search_term_string"}],"inLanguage":"de"},{"@type":"Organization","@id":"https:\/\/german-uni.com\/de\/#organization","name":"Uni Parts","url":"https:\/\/german-uni.com\/de\/","logo":{"@type":"ImageObject","inLanguage":"de","@id":"https:\/\/german-uni.com\/de\/#\/schema\/logo\/image\/","url":"","contentUrl":"","caption":"Uni Parts"},"image":{"@id":"https:\/\/german-uni.com\/de\/#\/schema\/logo\/image\/"}}]}},"_links":{"self":[{"href":"https:\/\/german-uni.com\/de\/wp-json\/wp\/v2\/pages\/990771","targetHints":{"allow":["GET"]}}],"collection":[{"href":"https:\/\/german-uni.com\/de\/wp-json\/wp\/v2\/pages"}],"about":[{"href":"https:\/\/german-uni.com\/de\/wp-json\/wp\/v2\/types\/page"}],"author":[{"embeddable":true,"href":"https:\/\/german-uni.com\/de\/wp-json\/wp\/v2\/users\/1"}],"replies":[{"embeddable":true,"href":"https:\/\/german-uni.com\/de\/wp-json\/wp\/v2\/comments?post=990771"}],"version-history":[{"count":10,"href":"https:\/\/german-uni.com\/de\/wp-json\/wp\/v2\/pages\/990771\/revisions"}],"predecessor-version":[{"id":990925,"href":"https:\/\/german-uni.com\/de\/wp-json\/wp\/v2\/pages\/990771\/revisions\/990925"}],"up":[{"embeddable":true,"href":"https:\/\/german-uni.com\/de\/wp-json\/wp\/v2\/pages\/990715"}],"wp:attachment":[{"href":"https:\/\/german-uni.com\/de\/wp-json\/wp\/v2\/media?parent=990771"}],"curies":[{"name":"wp","href":"https:\/\/api.w.org\/{rel}","templated":true}]}}